{"id":21,"date":"2025-02-28T08:19:17","date_gmt":"2025-02-28T08:19:17","guid":{"rendered":"https:\/\/cms2-demo.creditstar.eu\/?page_id=21"},"modified":"2025-10-21T07:19:09","modified_gmt":"2025-10-21T07:19:09","slug":"how-does-it-work","status":"publish","type":"page","link":"\/?page_id=21","title":{"rendered":"How does it work"},"content":{"rendered":"\t\t<div data-elementor-type=\"wp-page\" data-elementor-id=\"21\" class=\"elementor elementor-21\" data-elementor-post-type=\"page\">\n\t\t\t\t<div class=\"elementor-element elementor-element-4024bbae nomarginp e-flex e-con-boxed e-con e-parent\" data-id=\"4024bbae\" data-element_type=\"container\">\n\t\t\t\t\t<div class=\"e-con-inner\">\n\t\t<div class=\"elementor-element elementor-element-4ad37a78 e-con-full e-flex e-con e-child\" data-id=\"4ad37a78\" data-element_type=\"container\">\n\t\t\t\t<div class=\"elementor-element elementor-element-303f0f6b elementor-widget elementor-widget-heading\" data-id=\"303f0f6b\" data-element_type=\"widget\" data-widget_type=\"heading.default\">\n\t\t\t\t<div class=\"elementor-widget-container\">\n\t\t\t\t\t<h1 class=\"elementor-heading-title elementor-size-default\">S\u00e5dan virker Creditstar<\/h1>\t\t\t\t<\/div>\n\t\t\t\t<\/div>\n\t\t\t\t<div class=\"elementor-element elementor-element-548f6e8a elementor-widget__width-initial elementor-widget-tablet__width-initial elementor-widget elementor-widget-text-editor\" data-id=\"548f6e8a\" data-element_type=\"widget\" data-widget_type=\"text-editor.default\">\n\t\t\t\t<div class=\"elementor-widget-container\">\n\t\t\t\t\t\t\t\t\t<p>Forbrugsl\u00e5n p\u00e5 dine betingelser<\/p>\t\t\t\t\t\t\t\t<\/div>\n\t\t\t\t<\/div>\n\t\t\t\t<div class=\"elementor-element elementor-element-7ea5e07b elementor-widget__width-initial elementor-widget elementor-widget-text-editor\" data-id=\"7ea5e07b\" data-element_type=\"widget\" data-widget_type=\"text-editor.default\">\n\t\t\t\t<div class=\"elementor-widget-container\">\n\t\t\t\t\t\t\t\t\t<p>Med hj\u00e4lp av Creditstar kan du klara dig genom ov\u00e4ntade ekonomiska situationer. Att g\u00f6ra en ans\u00f6kan \u00e4r gratis. N\u00e4r du ans\u00f6ker om privatl\u00e5n via Creditstar f\u00e5r du en fast nominell r\u00e4nta p\u00e5 20%. Hur mycket din m\u00e5nadskostnad blir, baseras p\u00e5 hur mycket pengar du l\u00e5nar.<\/p>\t\t\t\t\t\t\t\t<\/div>\n\t\t\t\t<\/div>\n\t\t\t\t<div class=\"elementor-element elementor-element-4e17cf36 elementor-hidden-mobile elementor-widget elementor-widget-image\" data-id=\"4e17cf36\" data-element_type=\"widget\" data-widget_type=\"image.default\">\n\t\t\t\t<div class=\"elementor-widget-container\">\n\t\t\t\t\t\t\t\t\t\t\t\t\t\t\t<img decoding=\"async\" src=\"https:\/\/cms2-demo.creditstar.eu\/wp-content\/plugins\/elementor\/assets\/images\/placeholder.png\" title=\"\" alt=\"\" loading=\"lazy\" \/>\t\t\t\t\t\t\t\t\t\t\t\t\t\t\t<\/div>\n\t\t\t\t<\/div>\n\t\t\t\t<div class=\"elementor-element elementor-element-13efdbcb elementor-hidden-desktop elementor-hidden-tablet elementor-widget elementor-widget-image\" data-id=\"13efdbcb\" data-element_type=\"widget\" data-widget_type=\"image.default\">\n\t\t\t\t<div class=\"elementor-widget-container\">\n\t\t\t\t\t\t\t\t\t\t\t\t\t\t\t<img decoding=\"async\" src=\"https:\/\/cms2-demo.creditstar.eu\/wp-content\/plugins\/elementor\/assets\/images\/placeholder.png\" title=\"\" alt=\"\" loading=\"lazy\" \/>\t\t\t\t\t\t\t\t\t\t\t\t\t\t\t<\/div>\n\t\t\t\t<\/div>\n\t\t\t\t<\/div>\n\t\t\t\t\t<\/div>\n\t\t\t\t<\/div>\n\t\t<div class=\"elementor-element elementor-element-2dda5d80 nomarginp e-flex e-con-boxed e-con e-parent\" data-id=\"2dda5d80\" data-element_type=\"container\">\n\t\t\t\t\t<div class=\"e-con-inner\">\n\t\t<div class=\"elementor-element elementor-element-ed51a9 e-con-full e-flex e-con e-child\" data-id=\"ed51a9\" data-element_type=\"container\">\n\t\t\t\t<div class=\"elementor-element elementor-element-38e30ad5 elementor-widget elementor-widget-text-editor\" data-id=\"38e30ad5\" data-element_type=\"widget\" data-widget_type=\"text-editor.default\">\n\t\t\t\t<div class=\"elementor-widget-container\">\n\t\t\t\t\t\t\t\t\t<p>Smidig ans\u00f6kan direkt p\u00e5 webben<\/p>\t\t\t\t\t\t\t\t<\/div>\n\t\t\t\t<\/div>\n\t\t\t\t<div class=\"elementor-element elementor-element-3663ce82 elementor-widget-mobile__width-initial elementor-widget elementor-widget-text-editor\" data-id=\"3663ce82\" data-element_type=\"widget\" data-widget_type=\"text-editor.default\">\n\t\t\t\t<div class=\"elementor-widget-container\">\n\t\t\t\t\t\t\t\t\t<p>Ans\u00f6kan sk\u00f6ts helt digital och du f\u00e5r svar inom n\u00e5gra minuter om ditt l\u00e5n blir beviljat eller ej. N\u00e4r l\u00e5net \u00e4r utbetalt kan du sj\u00e4lv best\u00e4mma hur du vill spendera pengarna. Anv\u00e4nda det till att resa eller renovera, \u00e4r helt upp till dig.<\/p>\t\t\t\t\t\t\t\t<\/div>\n\t\t\t\t<\/div>\n\t\t<div class=\"elementor-element elementor-element-54d373df e-con-full relativecls e-flex e-con e-child\" data-id=\"54d373df\" data-element_type=\"container\">\n\t\t\t\t<div class=\"elementor-element elementor-element-135bdaa8 elementor-widget__width-initial elementor-widget elementor-widget-button\" data-id=\"135bdaa8\" data-element_type=\"widget\" data-widget_type=\"button.default\">\n\t\t\t\t<div class=\"elementor-widget-container\">\n\t\t\t\t\t\t\t\t\t<div class=\"elementor-button-wrapper\">\n\t\t\t\t\t<a class=\"elementor-button elementor-button-link elementor-size-sm\" href=\"https:\/\/app.creditstar.se\/site\/signup\">\n\t\t\t\t\t\t<span class=\"elementor-button-content-wrapper\">\n\t\t\t\t\t\t\t\t\t<span class=\"elementor-button-text\">Ans\u00f6k nu<\/span>\n\t\t\t\t\t<\/span>\n\t\t\t\t\t<\/a>\n\t\t\t\t<\/div>\n\t\t\t\t\t\t\t\t<\/div>\n\t\t\t\t<\/div>\n\t\t\t\t<\/div>\n\t\t\t\t<\/div>\n\t\t<div class=\"elementor-element elementor-element-62c54c7e e-con-full e-flex e-con e-child\" data-id=\"62c54c7e\" data-element_type=\"container\">\n\t\t\t\t<div class=\"elementor-element elementor-element-62e9a6c5 elementor-widget elementor-widget-image\" data-id=\"62e9a6c5\" data-element_type=\"widget\" data-widget_type=\"image.default\">\n\t\t\t\t<div class=\"elementor-widget-container\">\n\t\t\t\t\t\t\t\t\t\t\t\t\t\t\t<img decoding=\"async\" src=\"https:\/\/cms2-demo.creditstar.eu\/wp-content\/plugins\/elementor\/assets\/images\/placeholder.png\" title=\"\" alt=\"\" loading=\"lazy\" \/>\t\t\t\t\t\t\t\t\t\t\t\t\t\t\t<\/div>\n\t\t\t\t<\/div>\n\t\t\t\t<\/div>\n\t\t\t\t\t<\/div>\n\t\t\t\t<\/div>\n\t\t<div class=\"elementor-element elementor-element-6c2f96f2 nomarginp e-flex e-con-boxed e-con e-parent\" data-id=\"6c2f96f2\" data-element_type=\"container\">\n\t\t\t\t\t<div class=\"e-con-inner\">\n\t\t<div class=\"elementor-element elementor-element-64936311 e-con-full e-flex e-con e-child\" data-id=\"64936311\" data-element_type=\"container\">\n\t\t\t\t<div class=\"elementor-element elementor-element-56d60e03 elementor-widget elementor-widget-image\" data-id=\"56d60e03\" data-element_type=\"widget\" data-widget_type=\"image.default\">\n\t\t\t\t<div class=\"elementor-widget-container\">\n\t\t\t\t\t\t\t\t\t\t\t\t\t\t\t<img decoding=\"async\" src=\"https:\/\/cms2-demo.creditstar.eu\/wp-content\/plugins\/elementor\/assets\/images\/placeholder.png\" title=\"\" alt=\"\" loading=\"lazy\" \/>\t\t\t\t\t\t\t\t\t\t\t\t\t\t\t<\/div>\n\t\t\t\t<\/div>\n\t\t\t\t<\/div>\n\t\t<div class=\"elementor-element elementor-element-44faf7d2 e-con-full e-flex e-con e-child\" data-id=\"44faf7d2\" data-element_type=\"container\">\n\t\t\t\t<div class=\"elementor-element elementor-element-5ab994e9 elementor-widget elementor-widget-text-editor\" data-id=\"5ab994e9\" data-element_type=\"widget\" data-widget_type=\"text-editor.default\">\n\t\t\t\t<div class=\"elementor-widget-container\">\n\t\t\t\t\t\t\t\t\t<p>Din m\u00e5nadskostnad<\/p>\t\t\t\t\t\t\t\t<\/div>\n\t\t\t\t<\/div>\n\t\t\t\t<div class=\"elementor-element elementor-element-7105a99f elementor-widget elementor-widget-text-editor\" data-id=\"7105a99f\" data-element_type=\"widget\" data-widget_type=\"text-editor.default\">\n\t\t\t\t<div class=\"elementor-widget-container\">\n\t\t\t\t\t\t\t\t\t<p>Betala tillbaka samma belopp varje m\u00e5nad s\u00e5 l\u00e4nge l\u00e5net \u00e4r aktivt. Vilket belopp du ska betala baseras p\u00e5 hur mycket pengar du har l\u00e5nat och vilken \u00e5terbetalnings tid som du har valt.<\/p>\t\t\t\t\t\t\t\t<\/div>\n\t\t\t\t<\/div>\n\t\t\t\t<\/div>\n\t\t\t\t\t<\/div>\n\t\t\t\t<\/div>\n\t\t<div class=\"elementor-element elementor-element-38afe1e5 nomarginp e-flex e-con-boxed e-con e-parent\" data-id=\"38afe1e5\" data-element_type=\"container\">\n\t\t\t\t\t<div class=\"e-con-inner\">\n\t\t<div class=\"elementor-element elementor-element-17ae703e e-con-full e-flex e-con e-child\" data-id=\"17ae703e\" data-element_type=\"container\">\n\t\t\t\t<div class=\"elementor-element elementor-element-52e13065 elementor-widget elementor-widget-text-editor\" data-id=\"52e13065\" data-element_type=\"widget\" data-widget_type=\"text-editor.default\">\n\t\t\t\t<div class=\"elementor-widget-container\">\n\t\t\t\t\t\t\t\t\t<p>L\u00e5na igen?<\/p>\t\t\t\t\t\t\t\t<\/div>\n\t\t\t\t<\/div>\n\t\t\t\t<div class=\"elementor-element elementor-element-4c92e1d6 elementor-widget elementor-widget-text-editor\" data-id=\"4c92e1d6\" data-element_type=\"widget\" data-widget_type=\"text-editor.default\">\n\t\t\t\t<div class=\"elementor-widget-container\">\n\t\t\t\t\t\t\t\t\t<p>N\u00e4r du betala av ditt l\u00e5n har du m\u00f6jligheten att teckna ett nytt l\u00e5n. F\u00f6rutsatt att du inte varit sen med \u00e5terbetalning p\u00e5 din tidigare kredit. Om du bara missat din betalning med n\u00e5gon dag g\u00e5r det bra att ans\u00f6ka igen.<\/p>\t\t\t\t\t\t\t\t<\/div>\n\t\t\t\t<\/div>\n\t\t<div class=\"elementor-element elementor-element-27691e2f e-con-full relativecls e-flex e-con e-child\" data-id=\"27691e2f\" data-element_type=\"container\">\n\t\t\t\t<div class=\"elementor-element elementor-element-492b1332 elementor-widget__width-initial elementor-widget elementor-widget-button\" data-id=\"492b1332\" data-element_type=\"widget\" data-widget_type=\"button.default\">\n\t\t\t\t<div class=\"elementor-widget-container\">\n\t\t\t\t\t\t\t\t\t<div class=\"elementor-button-wrapper\">\n\t\t\t\t\t<a class=\"elementor-button elementor-button-link elementor-size-sm\" href=\"https:\/\/app.creditstar.se\/site\/signup\">\n\t\t\t\t\t\t<span class=\"elementor-button-content-wrapper\">\n\t\t\t\t\t\t\t\t\t<span class=\"elementor-button-text\">Ans\u00f6k nu<\/span>\n\t\t\t\t\t<\/span>\n\t\t\t\t\t<\/a>\n\t\t\t\t<\/div>\n\t\t\t\t\t\t\t\t<\/div>\n\t\t\t\t<\/div>\n\t\t\t\t<\/div>\n\t\t\t\t<\/div>\n\t\t<div class=\"elementor-element elementor-element-5164b9c0 e-con-full e-flex e-con e-child\" data-id=\"5164b9c0\" data-element_type=\"container\">\n\t\t\t\t<div class=\"elementor-element elementor-element-1490bdc elementor-widget elementor-widget-image\" data-id=\"1490bdc\" data-element_type=\"widget\" data-widget_type=\"image.default\">\n\t\t\t\t<div class=\"elementor-widget-container\">\n\t\t\t\t\t\t\t\t\t\t\t\t\t\t\t<img decoding=\"async\" src=\"https:\/\/cms2-demo.creditstar.eu\/wp-content\/plugins\/elementor\/assets\/images\/placeholder.png\" title=\"\" alt=\"\" loading=\"lazy\" \/>\t\t\t\t\t\t\t\t\t\t\t\t\t\t\t<\/div>\n\t\t\t\t<\/div>\n\t\t\t\t<\/div>\n\t\t\t\t\t<\/div>\n\t\t\t\t<\/div>\n\t\t\t\t<\/div>\n\t\t","protected":false},"excerpt":{"rendered":"<p>S\u00e5dan virker Creditstar Forbrugsl\u00e5n p\u00e5 dine betingelser Med hj\u00e4lp av Creditstar kan du klara dig genom ov\u00e4ntade ekonomiska situationer. Att g\u00f6ra en ans\u00f6kan \u00e4r gratis. N\u00e4r du ans\u00f6ker om privatl\u00e5n via Creditstar f\u00e5r du en fast nominell r\u00e4nta p\u00e5 20%. Hur mycket din m\u00e5nadskostnad blir, baseras p\u00e5 hur mycket pengar du l\u00e5nar. Smidig ans\u00f6kan direkt [&hellip;]<\/p>\n","protected":false},"author":2,"featured_media":0,"parent":0,"menu_order":0,"comment_status":"closed","ping_status":"closed","template":"","meta":{"footnotes":""},"class_list":["post-21","page","type-page","status-publish","hentry"],"yoast_head":"<!-- This site is optimized with the Yoast SEO plugin v25.4 - https:\/\/yoast.com\/wordpress\/plugins\/seo\/ -->\n<title>How does it work - creditstar<\/title>\n<meta name=\"robots\" content=\"index, follow, max-snippet:-1, max-image-preview:large, max-video-preview:-1\" \/>\n<link rel=\"canonical\" href=\"https:\/\/cms2-demo.creditstar.eu\/\" \/>\n<meta property=\"og:locale\" content=\"en_US\" \/>\n<meta property=\"og:type\" content=\"article\" \/>\n<meta property=\"og:title\" content=\"How does it work - creditstar\" \/>\n<meta property=\"og:description\" content=\"S\u00e5dan virker Creditstar Forbrugsl\u00e5n p\u00e5 dine betingelser Med hj\u00e4lp av Creditstar kan du klara dig genom ov\u00e4ntade ekonomiska situationer. Att g\u00f6ra en ans\u00f6kan \u00e4r gratis. N\u00e4r du ans\u00f6ker om privatl\u00e5n via Creditstar f\u00e5r du en fast nominell r\u00e4nta p\u00e5 20%. Hur mycket din m\u00e5nadskostnad blir, baseras p\u00e5 hur mycket pengar du l\u00e5nar. Smidig ans\u00f6kan direkt [&hellip;]\" \/>\n<meta property=\"og:url\" content=\"\/?page_id=21\" \/>\n<meta property=\"og:site_name\" content=\"creditstar\" \/>\n<meta property=\"article:modified_time\" content=\"2025-10-21T07:19:09+00:00\" \/>\n<meta property=\"og:image\" content=\"https:\/\/cms2-demo.creditstar.eu\/wp-content\/plugins\/elementor\/assets\/images\/placeholder.png\" \/>\n<meta name=\"twitter:card\" content=\"summary_large_image\" \/>\n<meta name=\"twitter:label1\" content=\"Est. reading time\" \/>\n\t<meta name=\"twitter:data1\" content=\"2 minutes\" \/>\n<script type=\"application\/ld+json\" class=\"yoast-schema-graph\">{\"@context\":\"https:\/\/schema.org\",\"@graph\":[{\"@type\":\"WebPage\",\"@id\":\"\/?page_id=21\",\"url\":\"https:\/\/cms2-demo.creditstar.eu\/\",\"name\":\"How does it work - creditstar\",\"isPartOf\":{\"@id\":\"https:\/\/cms2-demo.creditstar.eu\/#website\"},\"primaryImageOfPage\":{\"@id\":\"https:\/\/cms2-demo.creditstar.eu\/#primaryimage\"},\"image\":{\"@id\":\"https:\/\/cms2-demo.creditstar.eu\/#primaryimage\"},\"thumbnailUrl\":\"https:\/\/cms2-demo.creditstar.eu\/wp-content\/plugins\/elementor\/assets\/images\/placeholder.png\",\"datePublished\":\"2025-02-28T08:19:17+00:00\",\"dateModified\":\"2025-10-21T07:19:09+00:00\",\"breadcrumb\":{\"@id\":\"https:\/\/cms2-demo.creditstar.eu\/#breadcrumb\"},\"inLanguage\":\"en-US\",\"potentialAction\":[{\"@type\":\"ReadAction\",\"target\":[\"https:\/\/cms2-demo.creditstar.eu\/\"]}]},{\"@type\":\"ImageObject\",\"inLanguage\":\"en-US\",\"@id\":\"https:\/\/cms2-demo.creditstar.eu\/#primaryimage\",\"url\":\"https:\/\/cms2-demo.creditstar.eu\/wp-content\/plugins\/elementor\/assets\/images\/placeholder.png\",\"contentUrl\":\"https:\/\/cms2-demo.creditstar.eu\/wp-content\/plugins\/elementor\/assets\/images\/placeholder.png\"},{\"@type\":\"BreadcrumbList\",\"@id\":\"https:\/\/cms2-demo.creditstar.eu\/#breadcrumb\",\"itemListElement\":[{\"@type\":\"ListItem\",\"position\":1,\"name\":\"Home\",\"item\":\"\/\"},{\"@type\":\"ListItem\",\"position\":2,\"name\":\"How does it work\"}]},{\"@type\":\"WebSite\",\"@id\":\"https:\/\/cms2-demo.creditstar.eu\/#website\",\"url\":\"https:\/\/cms2-demo.creditstar.eu\/\",\"name\":\"creditstar\",\"description\":\"\",\"publisher\":{\"@id\":\"https:\/\/cms2-demo.creditstar.eu\/#organization\"},\"potentialAction\":[{\"@type\":\"SearchAction\",\"target\":{\"@type\":\"EntryPoint\",\"urlTemplate\":\"https:\/\/cms2-demo.creditstar.eu\/?s={search_term_string}\"},\"query-input\":{\"@type\":\"PropertyValueSpecification\",\"valueRequired\":true,\"valueName\":\"search_term_string\"}}],\"inLanguage\":\"en-US\"},{\"@type\":\"Organization\",\"@id\":\"https:\/\/cms2-demo.creditstar.eu\/#organization\",\"name\":\"creditstar\",\"url\":\"https:\/\/cms2-demo.creditstar.eu\/\",\"logo\":{\"@type\":\"ImageObject\",\"inLanguage\":\"en-US\",\"@id\":\"https:\/\/cms2-demo.creditstar.eu\/#\/schema\/logo\/image\/\",\"url\":\"https:\/\/cms2-demo.creditstar.eu\/wp-content\/uploads\/2025\/02\/Frame-3.png\",\"contentUrl\":\"https:\/\/cms2-demo.creditstar.eu\/wp-content\/uploads\/2025\/02\/Frame-3.png\",\"width\":136,\"height\":41,\"caption\":\"creditstar\"},\"image\":{\"@id\":\"https:\/\/cms2-demo.creditstar.eu\/#\/schema\/logo\/image\/\"}}]}<\/script>\n<!-- \/ Yoast SEO plugin. -->","yoast_head_json":{"title":"How does it work - creditstar","robots":{"index":"index","follow":"follow","max-snippet":"max-snippet:-1","max-image-preview":"max-image-preview:large","max-video-preview":"max-video-preview:-1"},"canonical":"https:\/\/cms2-demo.creditstar.eu\/","og_locale":"en_US","og_type":"article","og_title":"How does it work - creditstar","og_description":"S\u00e5dan virker Creditstar Forbrugsl\u00e5n p\u00e5 dine betingelser Med hj\u00e4lp av Creditstar kan du klara dig genom ov\u00e4ntade ekonomiska situationer. Att g\u00f6ra en ans\u00f6kan \u00e4r gratis. N\u00e4r du ans\u00f6ker om privatl\u00e5n via Creditstar f\u00e5r du en fast nominell r\u00e4nta p\u00e5 20%. Hur mycket din m\u00e5nadskostnad blir, baseras p\u00e5 hur mycket pengar du l\u00e5nar. Smidig ans\u00f6kan direkt [&hellip;]","og_url":"\/?page_id=21","og_site_name":"creditstar","article_modified_time":"2025-10-21T07:19:09+00:00","og_image":[{"url":"https:\/\/cms2-demo.creditstar.eu\/wp-content\/plugins\/elementor\/assets\/images\/placeholder.png","type":"","width":"","height":""}],"twitter_card":"summary_large_image","twitter_misc":{"Est. reading time":"2 minutes"},"schema":{"@context":"https:\/\/schema.org","@graph":[{"@type":"WebPage","@id":"\/?page_id=21","url":"https:\/\/cms2-demo.creditstar.eu\/","name":"How does it work - creditstar","isPartOf":{"@id":"https:\/\/cms2-demo.creditstar.eu\/#website"},"primaryImageOfPage":{"@id":"https:\/\/cms2-demo.creditstar.eu\/#primaryimage"},"image":{"@id":"https:\/\/cms2-demo.creditstar.eu\/#primaryimage"},"thumbnailUrl":"https:\/\/cms2-demo.creditstar.eu\/wp-content\/plugins\/elementor\/assets\/images\/placeholder.png","datePublished":"2025-02-28T08:19:17+00:00","dateModified":"2025-10-21T07:19:09+00:00","breadcrumb":{"@id":"https:\/\/cms2-demo.creditstar.eu\/#breadcrumb"},"inLanguage":"en-US","potentialAction":[{"@type":"ReadAction","target":["https:\/\/cms2-demo.creditstar.eu\/"]}]},{"@type":"ImageObject","inLanguage":"en-US","@id":"https:\/\/cms2-demo.creditstar.eu\/#primaryimage","url":"https:\/\/cms2-demo.creditstar.eu\/wp-content\/plugins\/elementor\/assets\/images\/placeholder.png","contentUrl":"https:\/\/cms2-demo.creditstar.eu\/wp-content\/plugins\/elementor\/assets\/images\/placeholder.png"},{"@type":"BreadcrumbList","@id":"https:\/\/cms2-demo.creditstar.eu\/#breadcrumb","itemListElement":[{"@type":"ListItem","position":1,"name":"Home","item":"\/"},{"@type":"ListItem","position":2,"name":"How does it work"}]},{"@type":"WebSite","@id":"https:\/\/cms2-demo.creditstar.eu\/#website","url":"https:\/\/cms2-demo.creditstar.eu\/","name":"creditstar","description":"","publisher":{"@id":"https:\/\/cms2-demo.creditstar.eu\/#organization"},"potentialAction":[{"@type":"SearchAction","target":{"@type":"EntryPoint","urlTemplate":"https:\/\/cms2-demo.creditstar.eu\/?s={search_term_string}"},"query-input":{"@type":"PropertyValueSpecification","valueRequired":true,"valueName":"search_term_string"}}],"inLanguage":"en-US"},{"@type":"Organization","@id":"https:\/\/cms2-demo.creditstar.eu\/#organization","name":"creditstar","url":"https:\/\/cms2-demo.creditstar.eu\/","logo":{"@type":"ImageObject","inLanguage":"en-US","@id":"https:\/\/cms2-demo.creditstar.eu\/#\/schema\/logo\/image\/","url":"https:\/\/cms2-demo.creditstar.eu\/wp-content\/uploads\/2025\/02\/Frame-3.png","contentUrl":"https:\/\/cms2-demo.creditstar.eu\/wp-content\/uploads\/2025\/02\/Frame-3.png","width":136,"height":41,"caption":"creditstar"},"image":{"@id":"https:\/\/cms2-demo.creditstar.eu\/#\/schema\/logo\/image\/"}}]}},"_links":{"self":[{"href":"https:\/\/cms2-demo.creditstar.eu\/index.php?rest_route=\/wp\/v2\/pages\/21","targetHints":{"allow":["GET"]}}],"collection":[{"href":"https:\/\/cms2-demo.creditstar.eu\/index.php?rest_route=\/wp\/v2\/pages"}],"about":[{"href":"https:\/\/cms2-demo.creditstar.eu\/index.php?rest_route=\/wp\/v2\/types\/page"}],"author":[{"embeddable":true,"href":"https:\/\/cms2-demo.creditstar.eu\/index.php?rest_route=\/wp\/v2\/users\/2"}],"replies":[{"embeddable":true,"href":"https:\/\/cms2-demo.creditstar.eu\/index.php?rest_route=%2Fwp%2Fv2%2Fcomments&post=21"}],"version-history":[{"count":3,"href":"https:\/\/cms2-demo.creditstar.eu\/index.php?rest_route=\/wp\/v2\/pages\/21\/revisions"}],"predecessor-version":[{"id":136,"href":"https:\/\/cms2-demo.creditstar.eu\/index.php?rest_route=\/wp\/v2\/pages\/21\/revisions\/136"}],"wp:attachment":[{"href":"https:\/\/cms2-demo.creditstar.eu\/index.php?rest_route=%2Fwp%2Fv2%2Fmedia&parent=21"}],"curies":[{"name":"wp","href":"https:\/\/api.w.org\/{rel}","templated":true}]}}