{"id":19,"date":"2025-02-28T08:17:55","date_gmt":"2025-02-28T08:17:55","guid":{"rendered":"https:\/\/cms2-demo.creditstar.eu\/?page_id=19"},"modified":"2025-10-21T09:11:10","modified_gmt":"2025-10-21T09:11:10","slug":"responsible-lending","status":"publish","type":"page","link":"\/?page_id=19","title":{"rendered":"Responsible lending"},"content":{"rendered":"\t\t<div data-elementor-type=\"wp-page\" data-elementor-id=\"19\" class=\"elementor elementor-19\" data-elementor-post-type=\"page\">\n\t\t\t\t<div class=\"elementor-element elementor-element-3124c42e e-flex e-con-boxed e-con e-parent\" data-id=\"3124c42e\" data-element_type=\"container\">\n\t\t\t\t\t<div class=\"e-con-inner\">\n\t\t\t\t<div class=\"elementor-element elementor-element-3ae9540b elementor-widget elementor-widget-heading\" data-id=\"3ae9540b\" data-element_type=\"widget\" data-widget_type=\"heading.default\">\n\t\t\t\t<div class=\"elementor-widget-container\">\n\t\t\t\t\t<h1 class=\"elementor-heading-title elementor-size-default\">Ansvarsfull utl\u00e5ning<\/h1>\t\t\t\t<\/div>\n\t\t\t\t<\/div>\n\t\t\t\t<div class=\"elementor-element elementor-element-528ed7f4 elementor-widget__width-initial elementor-widget elementor-widget-text-editor\" data-id=\"528ed7f4\" data-element_type=\"widget\" data-widget_type=\"text-editor.default\">\n\t\t\t\t<div class=\"elementor-widget-container\">\n\t\t\t\t\t\t\t\t\t<p>Vi anv\u00e4nder teknik, automatiserade processer, algoritmer samt dataanalys f\u00f6r att g\u00f6ra v\u00e5ra kreditprodukter f\u00f6r hundratusentals kunder i 8 l\u00e4nder i Europa.<\/p>\t\t\t\t\t\t\t\t<\/div>\n\t\t\t\t<\/div>\n\t\t\t\t<div class=\"elementor-element elementor-element-1709bb59 elementor-hidden-mobile elementor-widget elementor-widget-image\" data-id=\"1709bb59\" data-element_type=\"widget\" data-widget_type=\"image.default\">\n\t\t\t\t<div class=\"elementor-widget-container\">\n\t\t\t\t\t\t\t\t\t\t\t\t\t\t\t<img decoding=\"async\" src=\"https:\/\/cms2-demo.creditstar.eu\/wp-content\/plugins\/elementor\/assets\/images\/placeholder.png\" title=\"\" alt=\"\" loading=\"lazy\" \/>\t\t\t\t\t\t\t\t\t\t\t\t\t\t\t<\/div>\n\t\t\t\t<\/div>\n\t\t\t\t<div class=\"elementor-element elementor-element-ccbe5fc elementor-hidden-desktop elementor-hidden-tablet elementor-widget elementor-widget-image\" data-id=\"ccbe5fc\" data-element_type=\"widget\" data-widget_type=\"image.default\">\n\t\t\t\t<div class=\"elementor-widget-container\">\n\t\t\t\t\t\t\t\t\t\t\t\t\t\t\t<img decoding=\"async\" src=\"https:\/\/cms2-demo.creditstar.eu\/wp-content\/plugins\/elementor\/assets\/images\/placeholder.png\" title=\"\" alt=\"\" loading=\"lazy\" \/>\t\t\t\t\t\t\t\t\t\t\t\t\t\t\t<\/div>\n\t\t\t\t<\/div>\n\t\t\t\t<div class=\"elementor-element elementor-element-509f9f8e elementor-widget elementor-widget-text-editor\" data-id=\"509f9f8e\" data-element_type=\"widget\" data-widget_type=\"text-editor.default\">\n\t\t\t\t<div class=\"elementor-widget-container\">\n\t\t\t\t\t\t\t\t\t<p>Ansvarsfull utl\u00e5ning \u00e4r en av grundpelarna i Creditstars verksamhet. Vi f\u00f6rs\u00f6ker alltid agera ansvarsfullt och g\u00f6r v\u00e5rt b\u00e4sta f\u00f6r att leva upp till v\u00e5ra kunders och samh\u00e4llets f\u00f6rv\u00e4ntningar. I enlighet med principerna f\u00f6r ansvarsfull utl\u00e5ning \u2013 vilket \u00e4ven innefattar att s\u00e4kerst\u00e4lla kundens kreditv\u00e4rdighet \u2013 f\u00f6ljer Creditstar de kriterier som st\u00e4lls av s\u00e5v\u00e4l internationella regelverk som lokal lagstiftning. Nedan f\u00f6ljer en kort introduktion till de principer vi f\u00f6ljer inom utl\u00e5ning och marknadsf\u00f6ring.<\/p>\t\t\t\t\t\t\t\t<\/div>\n\t\t\t\t<\/div>\n\t\t\t\t\t<\/div>\n\t\t\t\t<\/div>\n\t\t<div class=\"elementor-element elementor-element-647ce164 nomarginp e-flex e-con-boxed e-con e-parent\" data-id=\"647ce164\" data-element_type=\"container\">\n\t\t\t\t\t<div class=\"e-con-inner\">\n\t\t<div class=\"elementor-element elementor-element-23a92693 e-con-full e-flex e-con e-child\" data-id=\"23a92693\" data-element_type=\"container\">\n\t\t\t\t<div class=\"elementor-element elementor-element-2479ca86 elementor-widget elementor-widget-text-editor\" data-id=\"2479ca86\" data-element_type=\"widget\" data-widget_type=\"text-editor.default\">\n\t\t\t\t<div class=\"elementor-widget-container\">\n\t\t\t\t\t\t\t\t\t<p>Vi ger kredit p\u00e5 ett ansvarsfullt s\u00e4tt<\/p>\t\t\t\t\t\t\t\t<\/div>\n\t\t\t\t<\/div>\n\t\t\t\t<div class=\"elementor-element elementor-element-3734aaa5 elementor-widget elementor-widget-text-editor\" data-id=\"3734aaa5\" data-element_type=\"widget\" data-widget_type=\"text-editor.default\">\n\t\t\t\t<div class=\"elementor-widget-container\">\n\t\t\t\t\t\t\t\t\t<p>Vi anv\u00e4nder relevanta kreditdatabaser och kontrollerar kundens kontoutdrag. Med hj\u00e4lp av v\u00e5r riskanalys och beslutsteknik p\u00e5 h\u00f6g niv\u00e5 kan vi fatta snabba och ansvarsfulla l\u00e5nebeslut som f\u00f6ljer de krav som lagstiftningen st\u00e4ller. Vi meddelar \u00e4ven kunden omedelbart om besluten.<\/p>\t\t\t\t\t\t\t\t<\/div>\n\t\t\t\t<\/div>\n\t\t\t\t<\/div>\n\t\t<div class=\"elementor-element elementor-element-6e421e1c e-con-full e-flex e-con e-child\" data-id=\"6e421e1c\" data-element_type=\"container\">\n\t\t\t\t<div class=\"elementor-element elementor-element-44f24949 elementor-widget elementor-widget-image\" data-id=\"44f24949\" data-element_type=\"widget\" data-widget_type=\"image.default\">\n\t\t\t\t<div class=\"elementor-widget-container\">\n\t\t\t\t\t\t\t\t\t\t\t\t\t\t\t<img decoding=\"async\" src=\"https:\/\/cms2-demo.creditstar.eu\/wp-content\/plugins\/elementor\/assets\/images\/placeholder.png\" title=\"\" alt=\"\" loading=\"lazy\" \/>\t\t\t\t\t\t\t\t\t\t\t\t\t\t\t<\/div>\n\t\t\t\t<\/div>\n\t\t\t\t<\/div>\n\t\t\t\t\t<\/div>\n\t\t\t\t<\/div>\n\t\t<div class=\"elementor-element elementor-element-7b6c1a0c nomarginp e-flex e-con-boxed e-con e-parent\" data-id=\"7b6c1a0c\" data-element_type=\"container\">\n\t\t\t\t\t<div class=\"e-con-inner\">\n\t\t<div class=\"elementor-element elementor-element-2f8154c0 e-con-full e-flex e-con e-child\" data-id=\"2f8154c0\" data-element_type=\"container\">\n\t\t\t\t<div class=\"elementor-element elementor-element-6d3c3a8b elementor-widget elementor-widget-image\" data-id=\"6d3c3a8b\" data-element_type=\"widget\" data-widget_type=\"image.default\">\n\t\t\t\t<div class=\"elementor-widget-container\">\n\t\t\t\t\t\t\t\t\t\t\t\t\t\t\t<img decoding=\"async\" src=\"https:\/\/cms2-demo.creditstar.eu\/wp-content\/plugins\/elementor\/assets\/images\/placeholder.png\" title=\"\" alt=\"\" loading=\"lazy\" \/>\t\t\t\t\t\t\t\t\t\t\t\t\t\t\t<\/div>\n\t\t\t\t<\/div>\n\t\t\t\t<\/div>\n\t\t<div class=\"elementor-element elementor-element-1426285d e-con-full e-flex e-con e-child\" data-id=\"1426285d\" data-element_type=\"container\">\n\t\t\t\t<div class=\"elementor-element elementor-element-186a4807 elementor-widget elementor-widget-text-editor\" data-id=\"186a4807\" data-element_type=\"widget\" data-widget_type=\"text-editor.default\">\n\t\t\t\t<div class=\"elementor-widget-container\">\n\t\t\t\t\t\t\t\t\t<p>Vi marknadsf\u00f6r v\u00e5ra produkter p\u00e5 ett ansvarsfullt s\u00e4tt<\/p>\t\t\t\t\t\t\t\t<\/div>\n\t\t\t\t<\/div>\n\t\t\t\t<div class=\"elementor-element elementor-element-274fbc28 elementor-widget elementor-widget-text-editor\" data-id=\"274fbc28\" data-element_type=\"widget\" data-widget_type=\"text-editor.default\">\n\t\t\t\t<div class=\"elementor-widget-container\">\n\t\t\t\t\t\t\t\t\t<p>Vid marknadsf\u00f6ring av produkter f\u00f6ljer vi alltid b\u00e5de juridiska och etiska riktlinjer och avviker inte fr\u00e5n \u00e4rlighetsprincipen. Vi g\u00f6r v\u00e5rt b\u00e4sta f\u00f6r att s\u00e4kerst\u00e4lla att kunden verkligen \u00e4r medveten om kreditkostnaderna och serviceavgifterna innan ans\u00f6kan skickas in. Vi utvecklar v\u00e5ra kreditanalys metoder och uppdaterar st\u00e4ndigt v\u00e5ra kunder kring eventuella f\u00f6r\u00e4ndringar.<\/p>\t\t\t\t\t\t\t\t<\/div>\n\t\t\t\t<\/div>\n\t\t\t\t<\/div>\n\t\t\t\t\t<\/div>\n\t\t\t\t<\/div>\n\t\t<div class=\"elementor-element elementor-element-be5c6d nomarginp e-flex e-con-boxed e-con e-parent\" data-id=\"be5c6d\" data-element_type=\"container\">\n\t\t\t\t\t<div class=\"e-con-inner\">\n\t\t<div class=\"elementor-element elementor-element-6db62eb0 e-con-full e-flex e-con e-child\" data-id=\"6db62eb0\" data-element_type=\"container\">\n\t\t\t\t<div class=\"elementor-element elementor-element-7eece584 elementor-widget elementor-widget-text-editor\" data-id=\"7eece584\" data-element_type=\"widget\" data-widget_type=\"text-editor.default\">\n\t\t\t\t<div class=\"elementor-widget-container\">\n\t\t\t\t\t\t\t\t\t<p>Vi st\u00f6ttar kunder med likviditetsproblem<\/p>\t\t\t\t\t\t\t\t<\/div>\n\t\t\t\t<\/div>\n\t\t\t\t<div class=\"elementor-element elementor-element-aae29b0 elementor-widget elementor-widget-text-editor\" data-id=\"aae29b0\" data-element_type=\"widget\" data-widget_type=\"text-editor.default\">\n\t\t\t\t<div class=\"elementor-widget-container\">\n\t\t\t\t\t\t\t\t\t<p>Vi uppmuntrar alltid v\u00e5ra kunder som har problem med att betala att kontakta oss. Vi kan erbjuda dem l\u00e5ne- och skuldr\u00e5dgivning gratis. F\u00f6r att m\u00f6ta dem halvv\u00e4gs har vi avst\u00e5tt fr\u00e5n straffavgifter och erbjudit mer gener\u00f6sa \u00e5terbetalningsvillkor.<\/p>\t\t\t\t\t\t\t\t<\/div>\n\t\t\t\t<\/div>\n\t\t\t\t<\/div>\n\t\t<div class=\"elementor-element elementor-element-7e8ef97e e-con-full e-flex e-con e-child\" data-id=\"7e8ef97e\" data-element_type=\"container\">\n\t\t\t\t<div class=\"elementor-element elementor-element-61df263d elementor-widget elementor-widget-image\" data-id=\"61df263d\" data-element_type=\"widget\" data-widget_type=\"image.default\">\n\t\t\t\t<div class=\"elementor-widget-container\">\n\t\t\t\t\t\t\t\t\t\t\t\t\t\t\t<img decoding=\"async\" src=\"https:\/\/cms2-demo.creditstar.eu\/wp-content\/plugins\/elementor\/assets\/images\/placeholder.png\" title=\"\" alt=\"\" loading=\"lazy\" \/>\t\t\t\t\t\t\t\t\t\t\t\t\t\t\t<\/div>\n\t\t\t\t<\/div>\n\t\t\t\t<\/div>\n\t\t\t\t\t<\/div>\n\t\t\t\t<\/div>\n\t\t<div class=\"elementor-element elementor-element-7a1a57a2 nomarginp e-flex e-con-boxed e-con e-parent\" data-id=\"7a1a57a2\" data-element_type=\"container\">\n\t\t\t\t\t<div class=\"e-con-inner\">\n\t\t<div class=\"elementor-element elementor-element-4fd543f3 e-con-full e-flex e-con e-child\" data-id=\"4fd543f3\" data-element_type=\"container\">\n\t\t\t\t<div class=\"elementor-element elementor-element-3f45508b elementor-widget elementor-widget-image\" data-id=\"3f45508b\" data-element_type=\"widget\" data-widget_type=\"image.default\">\n\t\t\t\t<div class=\"elementor-widget-container\">\n\t\t\t\t\t\t\t\t\t\t\t\t\t\t\t<img decoding=\"async\" src=\"https:\/\/cms2-demo.creditstar.eu\/wp-content\/plugins\/elementor\/assets\/images\/placeholder.png\" title=\"\" alt=\"\" loading=\"lazy\" \/>\t\t\t\t\t\t\t\t\t\t\t\t\t\t\t<\/div>\n\t\t\t\t<\/div>\n\t\t\t\t<\/div>\n\t\t<div class=\"elementor-element elementor-element-4cac33cb e-con-full e-flex e-con e-child\" data-id=\"4cac33cb\" data-element_type=\"container\">\n\t\t\t\t<div class=\"elementor-element elementor-element-8bd8c7d elementor-widget elementor-widget-text-editor\" data-id=\"8bd8c7d\" data-element_type=\"widget\" data-widget_type=\"text-editor.default\">\n\t\t\t\t<div class=\"elementor-widget-container\">\n\t\t\t\t\t\t\t\t\t<p>Ansvarsfull utl\u00e5ning<\/p>\t\t\t\t\t\t\t\t<\/div>\n\t\t\t\t<\/div>\n\t\t\t\t<div class=\"elementor-element elementor-element-2bb152af elementor-widget elementor-widget-text-editor\" data-id=\"2bb152af\" data-element_type=\"widget\" data-widget_type=\"text-editor.default\">\n\t\t\t\t<div class=\"elementor-widget-container\">\n\t\t\t\t\t\t\t\t\t<p>Vi rekommenderar att v\u00e5ra kunder noggrant \u00f6verv\u00e4ger och f\u00f6rst\u00e5r det ansvar som f\u00f6ljer med ett ekonomiskt \u00e5tagande. Vi rekommenderar tydligt v\u00e5ra kunder att ta kredit f\u00f6rst efter att villkoren har l\u00e4sts igenom och kunden \u00e4r s\u00e4ker p\u00e5 att han eller hon kan hantera sina betalningar till l\u00e5ngivaren.<\/p>\t\t\t\t\t\t\t\t<\/div>\n\t\t\t\t<\/div>\n\t\t\t\t<\/div>\n\t\t\t\t\t<\/div>\n\t\t\t\t<\/div>\n\t\t\t\t<\/div>\n\t\t","protected":false},"excerpt":{"rendered":"<p>Ansvarsfull utl\u00e5ning Vi anv\u00e4nder teknik, automatiserade processer, algoritmer samt dataanalys f\u00f6r att g\u00f6ra v\u00e5ra kreditprodukter f\u00f6r hundratusentals kunder i 8 l\u00e4nder i Europa. Ansvarsfull utl\u00e5ning \u00e4r en av grundpelarna i Creditstars verksamhet. Vi f\u00f6rs\u00f6ker alltid agera ansvarsfullt och g\u00f6r v\u00e5rt b\u00e4sta f\u00f6r att leva upp till v\u00e5ra kunders och samh\u00e4llets f\u00f6rv\u00e4ntningar. I enlighet med principerna [&hellip;]<\/p>\n","protected":false},"author":2,"featured_media":0,"parent":0,"menu_order":0,"comment_status":"closed","ping_status":"closed","template":"","meta":{"footnotes":""},"class_list":["post-19","page","type-page","status-publish","hentry"],"yoast_head":"<!-- This site is optimized with the Yoast SEO plugin v25.4 - https:\/\/yoast.com\/wordpress\/plugins\/seo\/ -->\n<title>Responsible lending - creditstar<\/title>\n<meta name=\"robots\" content=\"index, follow, max-snippet:-1, max-image-preview:large, max-video-preview:-1\" \/>\n<link rel=\"canonical\" href=\"https:\/\/cms2-demo.creditstar.eu\/\" \/>\n<meta property=\"og:locale\" content=\"en_US\" \/>\n<meta property=\"og:type\" content=\"article\" \/>\n<meta property=\"og:title\" content=\"Responsible lending - creditstar\" \/>\n<meta property=\"og:description\" content=\"Ansvarsfull utl\u00e5ning Vi anv\u00e4nder teknik, automatiserade processer, algoritmer samt dataanalys f\u00f6r att g\u00f6ra v\u00e5ra kreditprodukter f\u00f6r hundratusentals kunder i 8 l\u00e4nder i Europa. Ansvarsfull utl\u00e5ning \u00e4r en av grundpelarna i Creditstars verksamhet. Vi f\u00f6rs\u00f6ker alltid agera ansvarsfullt och g\u00f6r v\u00e5rt b\u00e4sta f\u00f6r att leva upp till v\u00e5ra kunders och samh\u00e4llets f\u00f6rv\u00e4ntningar. I enlighet med principerna [&hellip;]\" \/>\n<meta property=\"og:url\" content=\"\/?page_id=19\" \/>\n<meta property=\"og:site_name\" content=\"creditstar\" \/>\n<meta property=\"article:modified_time\" content=\"2025-10-21T09:11:10+00:00\" \/>\n<meta property=\"og:image\" content=\"https:\/\/cms2-demo.creditstar.eu\/wp-content\/plugins\/elementor\/assets\/images\/placeholder.png\" \/>\n<meta name=\"twitter:card\" content=\"summary_large_image\" \/>\n<meta name=\"twitter:label1\" content=\"Est. reading time\" \/>\n\t<meta name=\"twitter:data1\" content=\"3 minutes\" \/>\n<script type=\"application\/ld+json\" class=\"yoast-schema-graph\">{\"@context\":\"https:\/\/schema.org\",\"@graph\":[{\"@type\":\"WebPage\",\"@id\":\"\/?page_id=19\",\"url\":\"https:\/\/cms2-demo.creditstar.eu\/\",\"name\":\"Responsible lending - creditstar\",\"isPartOf\":{\"@id\":\"https:\/\/cms2-demo.creditstar.eu\/#website\"},\"primaryImageOfPage\":{\"@id\":\"https:\/\/cms2-demo.creditstar.eu\/#primaryimage\"},\"image\":{\"@id\":\"https:\/\/cms2-demo.creditstar.eu\/#primaryimage\"},\"thumbnailUrl\":\"https:\/\/cms2-demo.creditstar.eu\/wp-content\/plugins\/elementor\/assets\/images\/placeholder.png\",\"datePublished\":\"2025-02-28T08:17:55+00:00\",\"dateModified\":\"2025-10-21T09:11:10+00:00\",\"breadcrumb\":{\"@id\":\"https:\/\/cms2-demo.creditstar.eu\/#breadcrumb\"},\"inLanguage\":\"en-US\",\"potentialAction\":[{\"@type\":\"ReadAction\",\"target\":[\"https:\/\/cms2-demo.creditstar.eu\/\"]}]},{\"@type\":\"ImageObject\",\"inLanguage\":\"en-US\",\"@id\":\"https:\/\/cms2-demo.creditstar.eu\/#primaryimage\",\"url\":\"https:\/\/cms2-demo.creditstar.eu\/wp-content\/plugins\/elementor\/assets\/images\/placeholder.png\",\"contentUrl\":\"https:\/\/cms2-demo.creditstar.eu\/wp-content\/plugins\/elementor\/assets\/images\/placeholder.png\"},{\"@type\":\"BreadcrumbList\",\"@id\":\"https:\/\/cms2-demo.creditstar.eu\/#breadcrumb\",\"itemListElement\":[{\"@type\":\"ListItem\",\"position\":1,\"name\":\"Home\",\"item\":\"\/\"},{\"@type\":\"ListItem\",\"position\":2,\"name\":\"Responsible lending\"}]},{\"@type\":\"WebSite\",\"@id\":\"https:\/\/cms2-demo.creditstar.eu\/#website\",\"url\":\"https:\/\/cms2-demo.creditstar.eu\/\",\"name\":\"creditstar\",\"description\":\"\",\"publisher\":{\"@id\":\"https:\/\/cms2-demo.creditstar.eu\/#organization\"},\"potentialAction\":[{\"@type\":\"SearchAction\",\"target\":{\"@type\":\"EntryPoint\",\"urlTemplate\":\"https:\/\/cms2-demo.creditstar.eu\/?s={search_term_string}\"},\"query-input\":{\"@type\":\"PropertyValueSpecification\",\"valueRequired\":true,\"valueName\":\"search_term_string\"}}],\"inLanguage\":\"en-US\"},{\"@type\":\"Organization\",\"@id\":\"https:\/\/cms2-demo.creditstar.eu\/#organization\",\"name\":\"creditstar\",\"url\":\"https:\/\/cms2-demo.creditstar.eu\/\",\"logo\":{\"@type\":\"ImageObject\",\"inLanguage\":\"en-US\",\"@id\":\"https:\/\/cms2-demo.creditstar.eu\/#\/schema\/logo\/image\/\",\"url\":\"https:\/\/cms2-demo.creditstar.eu\/wp-content\/uploads\/2025\/02\/Frame-3.png\",\"contentUrl\":\"https:\/\/cms2-demo.creditstar.eu\/wp-content\/uploads\/2025\/02\/Frame-3.png\",\"width\":136,\"height\":41,\"caption\":\"creditstar\"},\"image\":{\"@id\":\"https:\/\/cms2-demo.creditstar.eu\/#\/schema\/logo\/image\/\"}}]}<\/script>\n<!-- \/ Yoast SEO plugin. -->","yoast_head_json":{"title":"Responsible lending - creditstar","robots":{"index":"index","follow":"follow","max-snippet":"max-snippet:-1","max-image-preview":"max-image-preview:large","max-video-preview":"max-video-preview:-1"},"canonical":"https:\/\/cms2-demo.creditstar.eu\/","og_locale":"en_US","og_type":"article","og_title":"Responsible lending - creditstar","og_description":"Ansvarsfull utl\u00e5ning Vi anv\u00e4nder teknik, automatiserade processer, algoritmer samt dataanalys f\u00f6r att g\u00f6ra v\u00e5ra kreditprodukter f\u00f6r hundratusentals kunder i 8 l\u00e4nder i Europa. Ansvarsfull utl\u00e5ning \u00e4r en av grundpelarna i Creditstars verksamhet. Vi f\u00f6rs\u00f6ker alltid agera ansvarsfullt och g\u00f6r v\u00e5rt b\u00e4sta f\u00f6r att leva upp till v\u00e5ra kunders och samh\u00e4llets f\u00f6rv\u00e4ntningar. I enlighet med principerna [&hellip;]","og_url":"\/?page_id=19","og_site_name":"creditstar","article_modified_time":"2025-10-21T09:11:10+00:00","og_image":[{"url":"https:\/\/cms2-demo.creditstar.eu\/wp-content\/plugins\/elementor\/assets\/images\/placeholder.png","type":"","width":"","height":""}],"twitter_card":"summary_large_image","twitter_misc":{"Est. reading time":"3 minutes"},"schema":{"@context":"https:\/\/schema.org","@graph":[{"@type":"WebPage","@id":"\/?page_id=19","url":"https:\/\/cms2-demo.creditstar.eu\/","name":"Responsible lending - creditstar","isPartOf":{"@id":"https:\/\/cms2-demo.creditstar.eu\/#website"},"primaryImageOfPage":{"@id":"https:\/\/cms2-demo.creditstar.eu\/#primaryimage"},"image":{"@id":"https:\/\/cms2-demo.creditstar.eu\/#primaryimage"},"thumbnailUrl":"https:\/\/cms2-demo.creditstar.eu\/wp-content\/plugins\/elementor\/assets\/images\/placeholder.png","datePublished":"2025-02-28T08:17:55+00:00","dateModified":"2025-10-21T09:11:10+00:00","breadcrumb":{"@id":"https:\/\/cms2-demo.creditstar.eu\/#breadcrumb"},"inLanguage":"en-US","potentialAction":[{"@type":"ReadAction","target":["https:\/\/cms2-demo.creditstar.eu\/"]}]},{"@type":"ImageObject","inLanguage":"en-US","@id":"https:\/\/cms2-demo.creditstar.eu\/#primaryimage","url":"https:\/\/cms2-demo.creditstar.eu\/wp-content\/plugins\/elementor\/assets\/images\/placeholder.png","contentUrl":"https:\/\/cms2-demo.creditstar.eu\/wp-content\/plugins\/elementor\/assets\/images\/placeholder.png"},{"@type":"BreadcrumbList","@id":"https:\/\/cms2-demo.creditstar.eu\/#breadcrumb","itemListElement":[{"@type":"ListItem","position":1,"name":"Home","item":"\/"},{"@type":"ListItem","position":2,"name":"Responsible lending"}]},{"@type":"WebSite","@id":"https:\/\/cms2-demo.creditstar.eu\/#website","url":"https:\/\/cms2-demo.creditstar.eu\/","name":"creditstar","description":"","publisher":{"@id":"https:\/\/cms2-demo.creditstar.eu\/#organization"},"potentialAction":[{"@type":"SearchAction","target":{"@type":"EntryPoint","urlTemplate":"https:\/\/cms2-demo.creditstar.eu\/?s={search_term_string}"},"query-input":{"@type":"PropertyValueSpecification","valueRequired":true,"valueName":"search_term_string"}}],"inLanguage":"en-US"},{"@type":"Organization","@id":"https:\/\/cms2-demo.creditstar.eu\/#organization","name":"creditstar","url":"https:\/\/cms2-demo.creditstar.eu\/","logo":{"@type":"ImageObject","inLanguage":"en-US","@id":"https:\/\/cms2-demo.creditstar.eu\/#\/schema\/logo\/image\/","url":"https:\/\/cms2-demo.creditstar.eu\/wp-content\/uploads\/2025\/02\/Frame-3.png","contentUrl":"https:\/\/cms2-demo.creditstar.eu\/wp-content\/uploads\/2025\/02\/Frame-3.png","width":136,"height":41,"caption":"creditstar"},"image":{"@id":"https:\/\/cms2-demo.creditstar.eu\/#\/schema\/logo\/image\/"}}]}},"_links":{"self":[{"href":"https:\/\/cms2-demo.creditstar.eu\/index.php?rest_route=\/wp\/v2\/pages\/19","targetHints":{"allow":["GET"]}}],"collection":[{"href":"https:\/\/cms2-demo.creditstar.eu\/index.php?rest_route=\/wp\/v2\/pages"}],"about":[{"href":"https:\/\/cms2-demo.creditstar.eu\/index.php?rest_route=\/wp\/v2\/types\/page"}],"author":[{"embeddable":true,"href":"https:\/\/cms2-demo.creditstar.eu\/index.php?rest_route=\/wp\/v2\/users\/2"}],"replies":[{"embeddable":true,"href":"https:\/\/cms2-demo.creditstar.eu\/index.php?rest_route=%2Fwp%2Fv2%2Fcomments&post=19"}],"version-history":[{"count":6,"href":"https:\/\/cms2-demo.creditstar.eu\/index.php?rest_route=\/wp\/v2\/pages\/19\/revisions"}],"predecessor-version":[{"id":146,"href":"https:\/\/cms2-demo.creditstar.eu\/index.php?rest_route=\/wp\/v2\/pages\/19\/revisions\/146"}],"wp:attachment":[{"href":"https:\/\/cms2-demo.creditstar.eu\/index.php?rest_route=%2Fwp%2Fv2%2Fmedia&parent=19"}],"curies":[{"name":"wp","href":"https:\/\/api.w.org\/{rel}","templated":true}]}}