{"id":12,"date":"2025-02-28T08:16:28","date_gmt":"2025-02-28T08:16:28","guid":{"rendered":"https:\/\/cms2-demo.creditstar.eu\/?page_id=12"},"modified":"2025-10-21T06:32:02","modified_gmt":"2025-10-21T06:32:02","slug":"about-us","status":"publish","type":"page","link":"\/?page_id=12","title":{"rendered":"About us"},"content":{"rendered":"\t\t<div data-elementor-type=\"wp-page\" data-elementor-id=\"12\" class=\"elementor elementor-12\" data-elementor-post-type=\"page\">\n\t\t\t\t<div class=\"elementor-element elementor-element-58814649 e-flex e-con-boxed e-con e-parent\" data-id=\"58814649\" data-element_type=\"container\">\n\t\t\t\t\t<div class=\"e-con-inner\">\n\t\t\t\t<div class=\"elementor-element elementor-element-5ad50b4a elementor-widget elementor-widget-heading\" data-id=\"5ad50b4a\" data-element_type=\"widget\" data-widget_type=\"heading.default\">\n\t\t\t\t<div class=\"elementor-widget-container\">\n\t\t\t\t\t<h1 class=\"elementor-heading-title elementor-size-default\">Om Creditstar<\/h1>\t\t\t\t<\/div>\n\t\t\t\t<\/div>\n\t\t<div class=\"elementor-element elementor-element-48cff1f0 e-con-full e-flex e-con e-child\" data-id=\"48cff1f0\" data-element_type=\"container\" data-settings=\"{&quot;background_background&quot;:&quot;classic&quot;}\">\n\t\t<div class=\"elementor-element elementor-element-76ab1436 e-con-full nomarginp e-flex e-con e-child\" data-id=\"76ab1436\" data-element_type=\"container\">\n\t\t\t\t<div class=\"elementor-element elementor-element-5f39b70a elementor-widget elementor-widget-text-editor\" data-id=\"5f39b70a\" data-element_type=\"widget\" data-widget_type=\"text-editor.default\">\n\t\t\t\t<div class=\"elementor-widget-container\">\n\t\t\t\t\t\t\t\t\t<p>Vi m\u00f6jligg\u00f6r ekonomisk frihet \u00f6ver hela Europa<\/p>\t\t\t\t\t\t\t\t<\/div>\n\t\t\t\t<\/div>\n\t\t\t\t<div class=\"elementor-element elementor-element-40bf898 elementor-widget elementor-widget-text-editor\" data-id=\"40bf898\" data-element_type=\"widget\" data-widget_type=\"text-editor.default\">\n\t\t\t\t<div class=\"elementor-widget-container\">\n\t\t\t\t\t\t\t\t\t<p>Creditstar Group \u00e4r en ledande konsumentinriktad fintech-plattform som erbjuder flexibla privatl\u00e5n anpassade efter verkliga behov. Sedan 2006 har vi varit engagerade i att g\u00f6ra l\u00e5nande enkelt, snabbt och tillg\u00e4ngligt f\u00f6r alla.<\/p>\n<p>Idag har vi \u00f6ver 1.2 miljon anv\u00e4ndare i 8 europeiska l\u00e4nder \u2013 och vi har bara b\u00f6rjat.<\/p>\n<p>V\u00e5ra l\u00e5ne- och investeringsprodukter st\u00f6ds av starka fundament och en dokumenterad framg\u00e5ng. Creditstar Group \u00e4r v\u00e4l positionerat f\u00f6r betydande tillv\u00e4xt under de kommande fem \u00e5ren. V\u00e5ra unika f\u00f6rdelar inom teknik, data och operativ excellens ger oss ett konkurrensf\u00f6rspr\u00e5ng som \u00e4r sv\u00e5rt att matcha.<\/p>\n<p>L\u00e4s mer: <a href=\"https:\/\/www.creditstar.com\/\">Creditstar Group<\/a><\/p>\t\t\t\t\t\t\t\t<\/div>\n\t\t\t\t<\/div>\n\t\t\t\t<\/div>\n\t\t\t\t<\/div>\n\t\t\t\t\t<\/div>\n\t\t\t\t<\/div>\n\t\t<div class=\"elementor-element elementor-element-750a1686 nomarginp e-flex e-con-boxed e-con e-parent\" data-id=\"750a1686\" data-element_type=\"container\" data-settings=\"{&quot;background_background&quot;:&quot;classic&quot;}\">\n\t\t\t\t\t<div class=\"e-con-inner\">\n\t\t<div class=\"elementor-element elementor-element-609e565 e-con-full e-flex e-con e-child\" data-id=\"609e565\" data-element_type=\"container\" data-settings=\"{&quot;background_background&quot;:&quot;classic&quot;}\">\n\t\t\t\t<div class=\"elementor-element elementor-element-2a92297d elementor-widget elementor-widget-text-editor\" data-id=\"2a92297d\" data-element_type=\"widget\" data-widget_type=\"text-editor.default\">\n\t\t\t\t<div class=\"elementor-widget-container\">\n\t\t\t\t\t\t\t\t\t<p>Vi f\u00f6ljer inte bara branschstandarder<\/p>\t\t\t\t\t\t\t\t<\/div>\n\t\t\t\t<\/div>\n\t\t\t\t<div class=\"elementor-element elementor-element-271655f9 elementor-widget elementor-widget-text-editor\" data-id=\"271655f9\" data-element_type=\"widget\" data-widget_type=\"text-editor.default\">\n\t\t\t\t<div class=\"elementor-widget-container\">\n\t\t\t\t\t\t\t\t\t<div><br>Vi s\u00e4tter dem. Fr\u00e5n prestation och l\u00f6nsamhet till innovation och anv\u00e4ndarupplevelse forts\u00e4tter vi att leda v\u00e4gen inom fintech. V\u00e5rt uppdrag \u00e4r tydligt: att hj\u00e4lpa m\u00e4nniskor leva sina b\u00e4sta ekonomiska liv.<\/div>\t\t\t\t\t\t\t\t<\/div>\n\t\t\t\t<\/div>\n\t\t\t\t<\/div>\n\t\t<div class=\"elementor-element elementor-element-1e60b4d e-con-full e-flex e-con e-child\" data-id=\"1e60b4d\" data-element_type=\"container\" data-settings=\"{&quot;background_background&quot;:&quot;classic&quot;}\">\n\t\t\t\t<div class=\"elementor-element elementor-element-69b006a2 elementor-widget elementor-widget-text-editor\" data-id=\"69b006a2\" data-element_type=\"widget\" data-widget_type=\"text-editor.default\">\n\t\t\t\t<div class=\"elementor-widget-container\">\n\t\t\t\t\t\t\t\t\t<p>Innovativa och teknikorienterade<\/p>\t\t\t\t\t\t\t\t<\/div>\n\t\t\t\t<\/div>\n\t\t\t\t<div class=\"elementor-element elementor-element-16f6b1a8 elementor-widget elementor-widget-text-editor\" data-id=\"16f6b1a8\" data-element_type=\"widget\" data-widget_type=\"text-editor.default\">\n\t\t\t\t<div class=\"elementor-widget-container\">\n\t\t\t\t\t\t\t\t\t<p>P\u00e5 Creditstar str\u00e4var vi alltid efter att ge v\u00e5ra kunder den b\u00e4sta kundupplevelsen. F\u00f6r att uppn\u00e5 detta anv\u00e4nder vi teknik, dataanalys och automatiserade processer. Vi tar oss tid att l\u00e4ra k\u00e4nna v\u00e5ra kunder och f\u00f6rb\u00e4ttrar kontinuerligt v\u00e5ra produkter f\u00f6r att m\u00f6ta de behov och f\u00f6rv\u00e4ntningar som v\u00e5ra kunder har.<\/p>\t\t\t\t\t\t\t\t<\/div>\n\t\t\t\t<\/div>\n\t\t\t\t<\/div>\n\t\t\t\t\t<\/div>\n\t\t\t\t<\/div>\n\t\t<div class=\"elementor-element elementor-element-3cc4a356 nomarginp e-flex e-con-boxed e-con e-parent\" data-id=\"3cc4a356\" data-element_type=\"container\">\n\t\t\t\t\t<div class=\"e-con-inner\">\n\t\t\t\t<div class=\"elementor-element elementor-element-693f91a3 elementor-widget__width-initial elementor-widget elementor-widget-text-editor\" data-id=\"693f91a3\" data-element_type=\"widget\" data-widget_type=\"text-editor.default\">\n\t\t\t\t<div class=\"elementor-widget-container\">\n\t\t\t\t\t\t\t\t\t<p>Ansvarsfull utl\u00e5ning<\/p>\t\t\t\t\t\t\t\t<\/div>\n\t\t\t\t<\/div>\n\t\t\t\t<div class=\"elementor-element elementor-element-5ceeb36f elementor-widget__width-initial elementor-widget elementor-widget-text-editor\" data-id=\"5ceeb36f\" data-element_type=\"widget\" data-widget_type=\"text-editor.default\">\n\t\t\t\t<div class=\"elementor-widget-container\">\n\t\t\t\t\t\t\t\t\t<p>Det \u00e4r ett av nyckelorden f\u00f6r Creditstars verksamhet. V\u00e5r flexibla l\u00e5netj\u00e4nst g\u00f6r det m\u00f6jligt f\u00f6r kunder att kontrollera sin likviditet, till och med n\u00e4r deras egna resurser tryter n\u00e5got. Men vi beviljar bara ett l\u00e5n om vi \u00e4r s\u00e4kra p\u00e5 att kunden kan betala tillbaka det.<\/p>\t\t\t\t\t\t\t\t<\/div>\n\t\t\t\t<\/div>\n\t\t\t\t\t<\/div>\n\t\t\t\t<\/div>\n\t\t<div class=\"elementor-element elementor-element-b7438b3 e-flex e-con-boxed e-con e-parent\" data-id=\"b7438b3\" data-element_type=\"container\">\n\t\t\t\t\t<div class=\"e-con-inner\">\n\t\t<div class=\"elementor-element elementor-element-55baae3e e-con-full e-flex e-con e-child\" data-id=\"55baae3e\" data-element_type=\"container\">\n\t\t\t\t<div class=\"elementor-element elementor-element-74c3bb9e elementor-widget elementor-widget-text-editor\" data-id=\"74c3bb9e\" data-element_type=\"widget\" data-widget_type=\"text-editor.default\">\n\t\t\t\t<div class=\"elementor-widget-container\">\n\t\t\t\t\t\t\t\t\t<p>Vi l\u00e5nar ut p\u00e5 ett ansvarsfullt s\u00e4tt<br \/>Av denna anledning anv\u00e4nder vi relevanta skuldregister och granskar v\u00e5ra kunders bankkontoutdrag. V\u00e5r avancerade riskanalys och teknik f\u00f6r l\u00e5nebeslut g\u00f6r det m\u00f6jligt f\u00f6r oss att ta ett snabbt och ansvarsfullt beslut som uppfyller kraven som st\u00e4lls enligt regler och lagar. Vi informerar \u00e4ven v\u00e5ra kunder om dessa beslut omg\u00e5ende.<\/p>\t\t\t\t\t\t\t\t<\/div>\n\t\t\t\t<\/div>\n\t\t\t\t<\/div>\n\t\t<div class=\"elementor-element elementor-element-231e053b e-con-full e-flex e-con e-child\" data-id=\"231e053b\" data-element_type=\"container\">\n\t\t\t\t<div class=\"elementor-element elementor-element-5edac254 elementor-widget elementor-widget-image\" data-id=\"5edac254\" data-element_type=\"widget\" data-widget_type=\"image.default\">\n\t\t\t\t<div class=\"elementor-widget-container\">\n\t\t\t\t\t\t\t\t\t\t\t\t\t\t\t<img decoding=\"async\" src=\"https:\/\/cms2-demo.creditstar.eu\/wp-content\/plugins\/elementor\/assets\/images\/placeholder.png\" title=\"\" alt=\"\" loading=\"lazy\" \/>\t\t\t\t\t\t\t\t\t\t\t\t\t\t\t<\/div>\n\t\t\t\t<\/div>\n\t\t\t\t<\/div>\n\t\t\t\t\t<\/div>\n\t\t\t\t<\/div>\n\t\t<div class=\"elementor-element elementor-element-25579560 e-flex e-con-boxed e-con e-parent\" data-id=\"25579560\" data-element_type=\"container\">\n\t\t\t\t\t<div class=\"e-con-inner\">\n\t\t<div class=\"elementor-element elementor-element-2105a404 e-con-full e-flex e-con e-child\" data-id=\"2105a404\" data-element_type=\"container\">\n\t\t\t\t<div class=\"elementor-element elementor-element-7327e340 elementor-widget elementor-widget-image\" data-id=\"7327e340\" data-element_type=\"widget\" data-widget_type=\"image.default\">\n\t\t\t\t<div class=\"elementor-widget-container\">\n\t\t\t\t\t\t\t\t\t\t\t\t\t\t\t<img decoding=\"async\" src=\"https:\/\/cms2-demo.creditstar.eu\/wp-content\/plugins\/elementor\/assets\/images\/placeholder.png\" title=\"\" alt=\"\" loading=\"lazy\" \/>\t\t\t\t\t\t\t\t\t\t\t\t\t\t\t<\/div>\n\t\t\t\t<\/div>\n\t\t\t\t<\/div>\n\t\t<div class=\"elementor-element elementor-element-777a7ccc e-con-full e-flex e-con e-child\" data-id=\"777a7ccc\" data-element_type=\"container\">\n\t\t\t\t<div class=\"elementor-element elementor-element-1d82fd02 elementor-widget elementor-widget-text-editor\" data-id=\"1d82fd02\" data-element_type=\"widget\" data-widget_type=\"text-editor.default\">\n\t\t\t\t<div class=\"elementor-widget-container\">\n\t\t\t\t\t\t\t\t\t<p>Vi st\u00f6djer v\u00e5ra kunder som har problem med betalningsf\u00f6rm\u00e5gan<br \/>Vi uppmuntrar alltid kunder med ekonomiska problem att kontakta oss. Vi erbjuder dem kostnadsfri l\u00e5n- och skuldr\u00e5dgivning. F\u00f6r att m\u00f6ta dom halvv\u00e4gs har vi skrivit av b\u00f6ter och erbjudit b\u00e4ttre villkor f\u00f6r nyfinansiering.<\/p>\t\t\t\t\t\t\t\t<\/div>\n\t\t\t\t<\/div>\n\t\t\t\t<\/div>\n\t\t\t\t\t<\/div>\n\t\t\t\t<\/div>\n\t\t<div class=\"elementor-element elementor-element-4f0449a7 e-flex e-con-boxed e-con e-parent\" data-id=\"4f0449a7\" data-element_type=\"container\">\n\t\t\t\t\t<div class=\"e-con-inner\">\n\t\t<div class=\"elementor-element elementor-element-5480d33c e-con-full e-flex e-con e-child\" data-id=\"5480d33c\" data-element_type=\"container\">\n\t\t\t\t<div class=\"elementor-element elementor-element-1eb5d174 elementor-widget elementor-widget-text-editor\" data-id=\"1eb5d174\" data-element_type=\"widget\" data-widget_type=\"text-editor.default\">\n\t\t\t\t<div class=\"elementor-widget-container\">\n\t\t\t\t\t\t\t\t\t<p>Vi marknadsf\u00f6r v\u00e5ra produkter p\u00e5 ett ansvarsfullt s\u00e4tt<br \/>N\u00e4r vi marknadsf\u00f6r v\u00e5ra produkter f\u00f6ljer vi alltid lagar, etisk praxis och agerar \u00e4rligt. Vi g\u00f6r v\u00e5rt b\u00e4sta f\u00f6r att kunden ska f\u00e5 en genomg\u00e5ende information om kostnaden f\u00f6r l\u00e5net och avgifter f\u00f6r tj\u00e4nsten innan man skickar in ans\u00f6kan. Vi f\u00f6rb\u00e4ttrar st\u00e4ndigt kreditanalysmetoderna och uppdaterar kundernas kreditinformation.<\/p>\t\t\t\t\t\t\t\t<\/div>\n\t\t\t\t<\/div>\n\t\t\t\t<\/div>\n\t\t<div class=\"elementor-element elementor-element-2b0451e9 e-con-full e-flex e-con e-child\" data-id=\"2b0451e9\" data-element_type=\"container\">\n\t\t\t\t<div class=\"elementor-element elementor-element-7f2002c4 elementor-widget elementor-widget-image\" data-id=\"7f2002c4\" data-element_type=\"widget\" data-widget_type=\"image.default\">\n\t\t\t\t<div class=\"elementor-widget-container\">\n\t\t\t\t\t\t\t\t\t\t\t\t\t\t\t<img decoding=\"async\" src=\"https:\/\/cms2-demo.creditstar.eu\/wp-content\/plugins\/elementor\/assets\/images\/placeholder.png\" title=\"\" alt=\"\" loading=\"lazy\" \/>\t\t\t\t\t\t\t\t\t\t\t\t\t\t\t<\/div>\n\t\t\t\t<\/div>\n\t\t\t\t<\/div>\n\t\t\t\t\t<\/div>\n\t\t\t\t<\/div>\n\t\t\t\t<\/div>\n\t\t","protected":false},"excerpt":{"rendered":"<p>Om Creditstar Vi m\u00f6jligg\u00f6r ekonomisk frihet \u00f6ver hela Europa Creditstar Group \u00e4r en ledande konsumentinriktad fintech-plattform som erbjuder flexibla privatl\u00e5n anpassade efter verkliga behov. Sedan 2006 har vi varit engagerade i att g\u00f6ra l\u00e5nande enkelt, snabbt och tillg\u00e4ngligt f\u00f6r alla. Idag har vi \u00f6ver 1.2 miljon anv\u00e4ndare i 8 europeiska l\u00e4nder \u2013 och vi har [&hellip;]<\/p>\n","protected":false},"author":2,"featured_media":0,"parent":0,"menu_order":0,"comment_status":"closed","ping_status":"closed","template":"","meta":{"footnotes":""},"class_list":["post-12","page","type-page","status-publish","hentry"],"yoast_head":"<!-- This site is optimized with the Yoast SEO plugin v25.4 - https:\/\/yoast.com\/wordpress\/plugins\/seo\/ -->\n<title>About us - creditstar<\/title>\n<meta name=\"robots\" content=\"index, follow, max-snippet:-1, max-image-preview:large, max-video-preview:-1\" \/>\n<link rel=\"canonical\" href=\"https:\/\/cms2-demo.creditstar.eu\/\" \/>\n<meta property=\"og:locale\" content=\"en_US\" \/>\n<meta property=\"og:type\" content=\"article\" \/>\n<meta property=\"og:title\" content=\"About us - creditstar\" \/>\n<meta property=\"og:description\" content=\"Om Creditstar Vi m\u00f6jligg\u00f6r ekonomisk frihet \u00f6ver hela Europa Creditstar Group \u00e4r en ledande konsumentinriktad fintech-plattform som erbjuder flexibla privatl\u00e5n anpassade efter verkliga behov. Sedan 2006 har vi varit engagerade i att g\u00f6ra l\u00e5nande enkelt, snabbt och tillg\u00e4ngligt f\u00f6r alla. Idag har vi \u00f6ver 1.2 miljon anv\u00e4ndare i 8 europeiska l\u00e4nder \u2013 och vi har [&hellip;]\" \/>\n<meta property=\"og:url\" content=\"\/?page_id=12\" \/>\n<meta property=\"og:site_name\" content=\"creditstar\" \/>\n<meta property=\"article:modified_time\" content=\"2025-10-21T06:32:02+00:00\" \/>\n<meta property=\"og:image\" content=\"https:\/\/cms2-demo.creditstar.eu\/wp-content\/plugins\/elementor\/assets\/images\/placeholder.png\" \/>\n<meta name=\"twitter:card\" content=\"summary_large_image\" \/>\n<meta name=\"twitter:label1\" content=\"Est. reading time\" \/>\n\t<meta name=\"twitter:data1\" content=\"2 minutes\" \/>\n<script type=\"application\/ld+json\" class=\"yoast-schema-graph\">{\"@context\":\"https:\/\/schema.org\",\"@graph\":[{\"@type\":\"WebPage\",\"@id\":\"\/?page_id=12\",\"url\":\"https:\/\/cms2-demo.creditstar.eu\/\",\"name\":\"About us - creditstar\",\"isPartOf\":{\"@id\":\"https:\/\/cms2-demo.creditstar.eu\/#website\"},\"primaryImageOfPage\":{\"@id\":\"https:\/\/cms2-demo.creditstar.eu\/#primaryimage\"},\"image\":{\"@id\":\"https:\/\/cms2-demo.creditstar.eu\/#primaryimage\"},\"thumbnailUrl\":\"https:\/\/cms2-demo.creditstar.eu\/wp-content\/plugins\/elementor\/assets\/images\/placeholder.png\",\"datePublished\":\"2025-02-28T08:16:28+00:00\",\"dateModified\":\"2025-10-21T06:32:02+00:00\",\"breadcrumb\":{\"@id\":\"https:\/\/cms2-demo.creditstar.eu\/#breadcrumb\"},\"inLanguage\":\"en-US\",\"potentialAction\":[{\"@type\":\"ReadAction\",\"target\":[\"https:\/\/cms2-demo.creditstar.eu\/\"]}]},{\"@type\":\"ImageObject\",\"inLanguage\":\"en-US\",\"@id\":\"https:\/\/cms2-demo.creditstar.eu\/#primaryimage\",\"url\":\"https:\/\/cms2-demo.creditstar.eu\/wp-content\/plugins\/elementor\/assets\/images\/placeholder.png\",\"contentUrl\":\"https:\/\/cms2-demo.creditstar.eu\/wp-content\/plugins\/elementor\/assets\/images\/placeholder.png\"},{\"@type\":\"BreadcrumbList\",\"@id\":\"https:\/\/cms2-demo.creditstar.eu\/#breadcrumb\",\"itemListElement\":[{\"@type\":\"ListItem\",\"position\":1,\"name\":\"Home\",\"item\":\"\/\"},{\"@type\":\"ListItem\",\"position\":2,\"name\":\"About us\"}]},{\"@type\":\"WebSite\",\"@id\":\"https:\/\/cms2-demo.creditstar.eu\/#website\",\"url\":\"https:\/\/cms2-demo.creditstar.eu\/\",\"name\":\"creditstar\",\"description\":\"\",\"publisher\":{\"@id\":\"https:\/\/cms2-demo.creditstar.eu\/#organization\"},\"potentialAction\":[{\"@type\":\"SearchAction\",\"target\":{\"@type\":\"EntryPoint\",\"urlTemplate\":\"https:\/\/cms2-demo.creditstar.eu\/?s={search_term_string}\"},\"query-input\":{\"@type\":\"PropertyValueSpecification\",\"valueRequired\":true,\"valueName\":\"search_term_string\"}}],\"inLanguage\":\"en-US\"},{\"@type\":\"Organization\",\"@id\":\"https:\/\/cms2-demo.creditstar.eu\/#organization\",\"name\":\"creditstar\",\"url\":\"https:\/\/cms2-demo.creditstar.eu\/\",\"logo\":{\"@type\":\"ImageObject\",\"inLanguage\":\"en-US\",\"@id\":\"https:\/\/cms2-demo.creditstar.eu\/#\/schema\/logo\/image\/\",\"url\":\"https:\/\/cms2-demo.creditstar.eu\/wp-content\/uploads\/2025\/02\/Frame-3.png\",\"contentUrl\":\"https:\/\/cms2-demo.creditstar.eu\/wp-content\/uploads\/2025\/02\/Frame-3.png\",\"width\":136,\"height\":41,\"caption\":\"creditstar\"},\"image\":{\"@id\":\"https:\/\/cms2-demo.creditstar.eu\/#\/schema\/logo\/image\/\"}}]}<\/script>\n<!-- \/ Yoast SEO plugin. -->","yoast_head_json":{"title":"About us - creditstar","robots":{"index":"index","follow":"follow","max-snippet":"max-snippet:-1","max-image-preview":"max-image-preview:large","max-video-preview":"max-video-preview:-1"},"canonical":"https:\/\/cms2-demo.creditstar.eu\/","og_locale":"en_US","og_type":"article","og_title":"About us - creditstar","og_description":"Om Creditstar Vi m\u00f6jligg\u00f6r ekonomisk frihet \u00f6ver hela Europa Creditstar Group \u00e4r en ledande konsumentinriktad fintech-plattform som erbjuder flexibla privatl\u00e5n anpassade efter verkliga behov. Sedan 2006 har vi varit engagerade i att g\u00f6ra l\u00e5nande enkelt, snabbt och tillg\u00e4ngligt f\u00f6r alla. Idag har vi \u00f6ver 1.2 miljon anv\u00e4ndare i 8 europeiska l\u00e4nder \u2013 och vi har [&hellip;]","og_url":"\/?page_id=12","og_site_name":"creditstar","article_modified_time":"2025-10-21T06:32:02+00:00","og_image":[{"url":"https:\/\/cms2-demo.creditstar.eu\/wp-content\/plugins\/elementor\/assets\/images\/placeholder.png","type":"","width":"","height":""}],"twitter_card":"summary_large_image","twitter_misc":{"Est. reading time":"2 minutes"},"schema":{"@context":"https:\/\/schema.org","@graph":[{"@type":"WebPage","@id":"\/?page_id=12","url":"https:\/\/cms2-demo.creditstar.eu\/","name":"About us - creditstar","isPartOf":{"@id":"https:\/\/cms2-demo.creditstar.eu\/#website"},"primaryImageOfPage":{"@id":"https:\/\/cms2-demo.creditstar.eu\/#primaryimage"},"image":{"@id":"https:\/\/cms2-demo.creditstar.eu\/#primaryimage"},"thumbnailUrl":"https:\/\/cms2-demo.creditstar.eu\/wp-content\/plugins\/elementor\/assets\/images\/placeholder.png","datePublished":"2025-02-28T08:16:28+00:00","dateModified":"2025-10-21T06:32:02+00:00","breadcrumb":{"@id":"https:\/\/cms2-demo.creditstar.eu\/#breadcrumb"},"inLanguage":"en-US","potentialAction":[{"@type":"ReadAction","target":["https:\/\/cms2-demo.creditstar.eu\/"]}]},{"@type":"ImageObject","inLanguage":"en-US","@id":"https:\/\/cms2-demo.creditstar.eu\/#primaryimage","url":"https:\/\/cms2-demo.creditstar.eu\/wp-content\/plugins\/elementor\/assets\/images\/placeholder.png","contentUrl":"https:\/\/cms2-demo.creditstar.eu\/wp-content\/plugins\/elementor\/assets\/images\/placeholder.png"},{"@type":"BreadcrumbList","@id":"https:\/\/cms2-demo.creditstar.eu\/#breadcrumb","itemListElement":[{"@type":"ListItem","position":1,"name":"Home","item":"\/"},{"@type":"ListItem","position":2,"name":"About us"}]},{"@type":"WebSite","@id":"https:\/\/cms2-demo.creditstar.eu\/#website","url":"https:\/\/cms2-demo.creditstar.eu\/","name":"creditstar","description":"","publisher":{"@id":"https:\/\/cms2-demo.creditstar.eu\/#organization"},"potentialAction":[{"@type":"SearchAction","target":{"@type":"EntryPoint","urlTemplate":"https:\/\/cms2-demo.creditstar.eu\/?s={search_term_string}"},"query-input":{"@type":"PropertyValueSpecification","valueRequired":true,"valueName":"search_term_string"}}],"inLanguage":"en-US"},{"@type":"Organization","@id":"https:\/\/cms2-demo.creditstar.eu\/#organization","name":"creditstar","url":"https:\/\/cms2-demo.creditstar.eu\/","logo":{"@type":"ImageObject","inLanguage":"en-US","@id":"https:\/\/cms2-demo.creditstar.eu\/#\/schema\/logo\/image\/","url":"https:\/\/cms2-demo.creditstar.eu\/wp-content\/uploads\/2025\/02\/Frame-3.png","contentUrl":"https:\/\/cms2-demo.creditstar.eu\/wp-content\/uploads\/2025\/02\/Frame-3.png","width":136,"height":41,"caption":"creditstar"},"image":{"@id":"https:\/\/cms2-demo.creditstar.eu\/#\/schema\/logo\/image\/"}}]}},"_links":{"self":[{"href":"https:\/\/cms2-demo.creditstar.eu\/index.php?rest_route=\/wp\/v2\/pages\/12","targetHints":{"allow":["GET"]}}],"collection":[{"href":"https:\/\/cms2-demo.creditstar.eu\/index.php?rest_route=\/wp\/v2\/pages"}],"about":[{"href":"https:\/\/cms2-demo.creditstar.eu\/index.php?rest_route=\/wp\/v2\/types\/page"}],"author":[{"embeddable":true,"href":"https:\/\/cms2-demo.creditstar.eu\/index.php?rest_route=\/wp\/v2\/users\/2"}],"replies":[{"embeddable":true,"href":"https:\/\/cms2-demo.creditstar.eu\/index.php?rest_route=%2Fwp%2Fv2%2Fcomments&post=12"}],"version-history":[{"count":3,"href":"https:\/\/cms2-demo.creditstar.eu\/index.php?rest_route=\/wp\/v2\/pages\/12\/revisions"}],"predecessor-version":[{"id":110,"href":"https:\/\/cms2-demo.creditstar.eu\/index.php?rest_route=\/wp\/v2\/pages\/12\/revisions\/110"}],"wp:attachment":[{"href":"https:\/\/cms2-demo.creditstar.eu\/index.php?rest_route=%2Fwp%2Fv2%2Fmedia&parent=12"}],"curies":[{"name":"wp","href":"https:\/\/api.w.org\/{rel}","templated":true}]}}